{"id":46,"date":"2023-11-10T15:10:19","date_gmt":"2023-11-10T14:10:19","guid":{"rendered":"http:\/\/www.simd5.l3-digital.fr\/?page_id=46"},"modified":"2024-03-13T18:43:52","modified_gmt":"2024-03-13T17:43:52","slug":"mes-passions","status":"publish","type":"page","link":"https:\/\/www.simd5.l3-digital.fr\/index.php\/mes-passions\/","title":{"rendered":"Qui suis-je ?"},"content":{"rendered":"\n<p>Anouk est un pr\u00e9nom h\u00e9breu qui signifie \u00ab\u00a0la gr\u00e2ce\u00a0\u00bb. Petite, j&rsquo;avais honte de mon pr\u00e9nom, il n&rsquo;\u00e9tait pas comme les autres. En grandissant je me suis vite rendue compte que ce pr\u00e9nom \u00e9tait original et qu&rsquo;il constituait ma force. De mon pr\u00e9nom \u00e0 mes passions, je suis quelqu&rsquo;un de cr\u00e9atif et qui aime d\u00e9couvrir de nouvelles choses.<\/p>\n\n\n\n<p>Plusieurs passions m&rsquo;animent et d\u00e9terminent qui je suis aujourd&rsquo;hui.<\/p>\n\n\n\n<div class=\"wp-block-buttons is-content-justification-left is-layout-flex wp-container-core-buttons-is-layout-c6581bc1 wp-block-buttons-is-layout-flex\">\n<div class=\"wp-block-button has-custom-width wp-block-button__width-50 has-custom-font-size is-style-outline has-small-font-size is-style-outline--1\"><a class=\"wp-block-button__link wp-element-button\" href=\"http:\/\/www.simd5.l3-digital.fr\/index.php\/la-danse\/\" style=\"border-radius:22px\">La danse<\/a><\/div>\n\n\n\n<div class=\"wp-block-button has-custom-width wp-block-button__width-50 has-custom-font-size is-style-outline has-small-font-size is-style-outline--2\"><a class=\"wp-block-button__link wp-element-button\" href=\"http:\/\/www.simd5.l3-digital.fr\/index.php\/le-voyage\/\" style=\"border-radius:22px\">Le voyage<\/a><\/div>\n\n\n\n<div class=\"wp-block-button has-custom-width wp-block-button__width-50 has-custom-font-size is-style-outline has-small-font-size is-style-outline--3\"><a class=\"wp-block-button__link wp-element-button\" href=\"http:\/\/www.simd5.l3-digital.fr\/index.php\/la-lecture\/\" style=\"border-radius:22px\">La lecture<\/a><\/div>\n\n\n\n<div class=\"wp-block-button has-custom-width wp-block-button__width-50 has-custom-font-size is-style-outline has-small-font-size is-style-outline--4\"><a class=\"wp-block-button__link wp-element-button\" href=\"http:\/\/www.simd5.l3-digital.fr\/index.php\/la-musique\/\" style=\"border-radius:22px\">La musique<\/a><\/div>\n<\/div>\n\n\n\n<p><a href=\"https:\/\/www.simd5.l3-digital.fr\/\" data-type=\"page\" data-id=\"85\"> &lt;&lt; Bienvenue<\/a><\/p>\n","protected":false},"excerpt":{"rendered":"<p>Anouk est un pr\u00e9nom h\u00e9breu qui signifie \u00ab\u00a0la gr\u00e2ce\u00a0\u00bb. Petite, j&rsquo;avais honte de mon pr\u00e9nom, il n&rsquo;\u00e9tait pas comme les autres. En grandissant je me suis vite rendue compte que ce pr\u00e9nom \u00e9tait original et qu&rsquo;il constituait ma force. De mon pr\u00e9nom \u00e0 mes passions, je suis quelqu&rsquo;un de cr\u00e9atif et qui aime d\u00e9couvrir de nouvelles choses. Plusieurs passions m&rsquo;animent et d\u00e9terminent qui je suis aujourd&rsquo;hui. &lt;&lt; Bienvenue<\/p>\n","protected":false},"author":3,"featured_media":0,"parent":0,"menu_order":0,"comment_status":"closed","ping_status":"closed","template":"","meta":{"footnotes":""},"class_list":["post-46","page","type-page","status-publish","hentry"],"_links":{"self":[{"href":"https:\/\/www.simd5.l3-digital.fr\/index.php\/wp-json\/wp\/v2\/pages\/46","targetHints":{"allow":["GET"]}}],"collection":[{"href":"https:\/\/www.simd5.l3-digital.fr\/index.php\/wp-json\/wp\/v2\/pages"}],"about":[{"href":"https:\/\/www.simd5.l3-digital.fr\/index.php\/wp-json\/wp\/v2\/types\/page"}],"author":[{"embeddable":true,"href":"https:\/\/www.simd5.l3-digital.fr\/index.php\/wp-json\/wp\/v2\/users\/3"}],"replies":[{"embeddable":true,"href":"https:\/\/www.simd5.l3-digital.fr\/index.php\/wp-json\/wp\/v2\/comments?post=46"}],"version-history":[{"count":15,"href":"https:\/\/www.simd5.l3-digital.fr\/index.php\/wp-json\/wp\/v2\/pages\/46\/revisions"}],"predecessor-version":[{"id":347,"href":"https:\/\/www.simd5.l3-digital.fr\/index.php\/wp-json\/wp\/v2\/pages\/46\/revisions\/347"}],"wp:attachment":[{"href":"https:\/\/www.simd5.l3-digital.fr\/index.php\/wp-json\/wp\/v2\/media?parent=46"}],"curies":[{"name":"wp","href":"https:\/\/api.w.org\/{rel}","templated":true}]}}