{"id":28,"date":"2023-11-10T14:36:31","date_gmt":"2023-11-10T13:36:31","guid":{"rendered":"http:\/\/www.simd5.l3-digital.fr\/?page_id=28"},"modified":"2024-03-18T16:13:46","modified_gmt":"2024-03-18T15:13:46","slug":"experiences-professionnelles","status":"publish","type":"page","link":"https:\/\/www.simd5.l3-digital.fr\/index.php\/experiences-professionnelles\/","title":{"rendered":"Exp\u00e9riences professionnelles"},"content":{"rendered":"\n<p>Depuis 2021, je suis rentr\u00e9e dans le monde du travail. D\u00e8s mes 18 ans j&rsquo;ai effectu\u00e9 de nombreux emplois \u00e9tudiants afin de financer une partie de mes \u00e9tudes et de ma vie \u00e9tudiante. Ces emplois m&rsquo;ont permis d&rsquo;acqu\u00e9rir de nombreuses comp\u00e9tences.  <\/p>\n\n\n\n<div class=\"wp-block-columns are-vertically-aligned-center is-layout-flex wp-container-core-columns-is-layout-9d6595d7 wp-block-columns-is-layout-flex\">\n<div class=\"wp-block-column is-vertically-aligned-center is-layout-flow wp-block-column-is-layout-flow\" style=\"flex-basis:33.33%\"><div class=\"wp-block-image\">\n<figure class=\"aligncenter size-large is-resized\"><img loading=\"lazy\" decoding=\"async\" width=\"821\" height=\"1024\" src=\"http:\/\/www.simd5.l3-digital.fr\/wp-content\/uploads\/2023\/11\/logo-asse-821x1024.png\" alt=\"\" class=\"wp-image-39\" style=\"width:87px;height:auto\" srcset=\"https:\/\/www.simd5.l3-digital.fr\/wp-content\/uploads\/2023\/11\/logo-asse-821x1024.png 821w, https:\/\/www.simd5.l3-digital.fr\/wp-content\/uploads\/2023\/11\/logo-asse-241x300.png 241w, https:\/\/www.simd5.l3-digital.fr\/wp-content\/uploads\/2023\/11\/logo-asse-768x958.png 768w, https:\/\/www.simd5.l3-digital.fr\/wp-content\/uploads\/2023\/11\/logo-asse-1232x1536.png 1232w, https:\/\/www.simd5.l3-digital.fr\/wp-content\/uploads\/2023\/11\/logo-asse-1200x1497.png 1200w, https:\/\/www.simd5.l3-digital.fr\/wp-content\/uploads\/2023\/11\/logo-asse.png 1642w\" sizes=\"auto, (max-width: 821px) 100vw, 821px\" \/><\/figure>\n<\/div>\n\n<div class=\"wp-block-image\">\n<figure class=\"aligncenter size-full is-resized\"><img loading=\"lazy\" decoding=\"async\" width=\"225\" height=\"225\" src=\"http:\/\/www.simd5.l3-digital.fr\/wp-content\/uploads\/2023\/11\/logo-kelyps.png\" alt=\"\" class=\"wp-image-257\" style=\"width:139px;height:auto\" srcset=\"https:\/\/www.simd5.l3-digital.fr\/wp-content\/uploads\/2023\/11\/logo-kelyps.png 225w, https:\/\/www.simd5.l3-digital.fr\/wp-content\/uploads\/2023\/11\/logo-kelyps-150x150.png 150w, https:\/\/www.simd5.l3-digital.fr\/wp-content\/uploads\/2023\/11\/logo-kelyps-75x75.png 75w\" sizes=\"auto, (max-width: 225px) 100vw, 225px\" \/><\/figure>\n<\/div><\/div>\n\n\n\n<div class=\"wp-block-column is-vertically-aligned-center is-layout-flow wp-block-column-is-layout-flow\" style=\"flex-basis:66.66%\">\n<p>Depuis ao\u00fbt 2023, je suis serveuse au stade Geoffroy Guichard \u00e0 Saint Etienne. J&rsquo;ai servi des supporters lors des matchs de l&rsquo;A.S.S.E ainsi que lors de la Coupe du Monde de Rugby. J&rsquo;ai \u00e9galement travaill\u00e9 comme serveuse dans un PMU \u00e0 Saint-Bonnet-le-Ch\u00e2teau : Le Blue Note caf\u00e9. Ces deux jobs m&rsquo;ont permis de d\u00e9velopper mes comp\u00e9tences relationnelles, mon autonomie et ma capacit\u00e9 \u00e0 fournir un service rapide r\u00e9pondant aux besoins des clients.<\/p>\n<\/div>\n<\/div>\n\n\n\n<div class=\"wp-block-columns are-vertically-aligned-center is-layout-flex wp-container-core-columns-is-layout-9d6595d7 wp-block-columns-is-layout-flex\">\n<div class=\"wp-block-column is-vertically-aligned-center is-layout-flow wp-block-column-is-layout-flow\" style=\"flex-basis:66.66%\">\n<p>Pour terminer ma licence et mettre en pratique mes connaissances de ces trois derni\u00e8res ann\u00e9es, j&rsquo;effectue un stage en management de projet au Gobelet Fran\u00e7ais, une entreprise de cr\u00e9ation de gobelets personnalis\u00e9s pour des \u00e9v\u00e8nements priv\u00e9s (bapt\u00eames, mariages, etc.) et publics (festivals, Coupe du Monde de Rugby par exemple). Lors de ce stage, je suis en charge de contacter de nouveaux prospects jusqu&rsquo;\u00e0 la cr\u00e9ation d&rsquo;un partenariat. Je serais aussi en charge de la cr\u00e9ation de contenus sur les gobelets (\u00e0 l&rsquo;aide de la Suite Adobe) mais aussi sur les r\u00e9seaux sociaux. L&rsquo;objectif de ce stage est de mettre en pratique ce que j&rsquo;ai appris en licence tout en \u00e9tant b\u00e9n\u00e9fique \u00e0 l&rsquo;entreprise. <\/p>\n<\/div>\n\n\n\n<div class=\"wp-block-column is-vertically-aligned-center is-layout-flow wp-block-column-is-layout-flow\" style=\"flex-basis:33.33%\">\n<figure class=\"wp-block-gallery has-nested-images columns-default is-cropped wp-block-gallery-1 is-layout-flex wp-block-gallery-is-layout-flex\"><div class=\"wp-block-image\">\n<figure class=\"aligncenter size-large\"><img loading=\"lazy\" decoding=\"async\" width=\"224\" height=\"225\" data-id=\"317\" src=\"https:\/\/www.simd5.l3-digital.fr\/wp-content\/uploads\/2024\/03\/logo_gobelet-removebg-preview.png\" alt=\"\" class=\"wp-image-317\" srcset=\"https:\/\/www.simd5.l3-digital.fr\/wp-content\/uploads\/2024\/03\/logo_gobelet-removebg-preview.png 224w, https:\/\/www.simd5.l3-digital.fr\/wp-content\/uploads\/2024\/03\/logo_gobelet-removebg-preview-150x150.png 150w, https:\/\/www.simd5.l3-digital.fr\/wp-content\/uploads\/2024\/03\/logo_gobelet-removebg-preview-75x75.png 75w\" sizes=\"auto, (max-width: 224px) 100vw, 224px\" \/><\/figure>\n<\/div><\/figure>\n<\/div>\n<\/div>\n\n\n\n<p>Durant l&rsquo;\u00e9t\u00e9 2023, j&rsquo;ai \u00e9t\u00e9 auxiliaire \u00e0 l&rsquo;accueil du Cr\u00e9dit Mutuel de Saint-Bonnet-le-Ch\u00e2teau. Pendant ces deux mois, j&rsquo;ai r\u00e9pondu aux besoins des clients (effectuer des virements, prendre des rendez-vous avec les conseillers etc.) et archiv\u00e9 les dossiers des clients. J&rsquo;ai acquis une certaine autonomie et une responsabilit\u00e9.<\/p>\n\n\n<div class=\"wp-block-image\">\n<figure class=\"aligncenter size-large is-resized\"><img loading=\"lazy\" decoding=\"async\" width=\"1024\" height=\"95\" src=\"http:\/\/www.simd5.l3-digital.fr\/wp-content\/uploads\/2023\/11\/logo-cm-1-1024x95.png\" alt=\"\" class=\"wp-image-51\" style=\"width:356px;height:auto\" srcset=\"https:\/\/www.simd5.l3-digital.fr\/wp-content\/uploads\/2023\/11\/logo-cm-1-1024x95.png 1024w, https:\/\/www.simd5.l3-digital.fr\/wp-content\/uploads\/2023\/11\/logo-cm-1-300x28.png 300w, https:\/\/www.simd5.l3-digital.fr\/wp-content\/uploads\/2023\/11\/logo-cm-1-768x71.png 768w, https:\/\/www.simd5.l3-digital.fr\/wp-content\/uploads\/2023\/11\/logo-cm-1-1536x142.png 1536w, https:\/\/www.simd5.l3-digital.fr\/wp-content\/uploads\/2023\/11\/logo-cm-1-2048x190.png 2048w, https:\/\/www.simd5.l3-digital.fr\/wp-content\/uploads\/2023\/11\/logo-cm-1-1200x111.png 1200w, https:\/\/www.simd5.l3-digital.fr\/wp-content\/uploads\/2023\/11\/logo-cm-1-1980x183.png 1980w\" sizes=\"auto, (max-width: 1024px) 100vw, 1024px\" \/><\/figure>\n<\/div>\n\n\n<div class=\"wp-block-columns is-layout-flex wp-container-core-columns-is-layout-9d6595d7 wp-block-columns-is-layout-flex\">\n<div class=\"wp-block-column is-layout-flow wp-block-column-is-layout-flow\" style=\"flex-basis:66.66%\">\n<p>En avril 2023, quatre camarades et moi avons organis\u00e9 un concert en collaboration avec l&rsquo;Association de D\u00e9fense des Animaux de Saint-Chamond. Les fonds r\u00e9colt\u00e9s ont \u00e9t\u00e9 revers\u00e9s \u00e0 l&rsquo;association pour pouvoir couvrir les frais v\u00e9t\u00e9rinaires des animaux du refuge. Nous avons organis\u00e9 ce projet du d\u00e9but (contact de l&rsquo;association et analyse des besoins) \u00e0 la fin (concert et buvette). Gr\u00e2ce \u00e0 cette initiative, j&rsquo;ai d\u00e9velopp\u00e9 des comp\u00e9tences organisationnelles et relationnelles tout en soutenant une cause qui me tient \u00e0 c\u0153ur. <\/p>\n<\/div>\n\n\n\n<div class=\"wp-block-column is-vertically-aligned-center is-layout-flow wp-block-column-is-layout-flow\" style=\"flex-basis:33.33%\"><div class=\"wp-block-image\">\n<figure class=\"aligncenter size-full is-resized\"><img loading=\"lazy\" decoding=\"async\" width=\"153\" height=\"107\" src=\"http:\/\/www.simd5.l3-digital.fr\/wp-content\/uploads\/2023\/11\/logo_ada-removebg-preview.png\" alt=\"\" class=\"wp-image-55\" style=\"width:246px;height:auto\"\/><\/figure>\n<\/div><\/div>\n<\/div>\n\n\n\n<div class=\"wp-block-columns is-layout-flex wp-container-core-columns-is-layout-9d6595d7 wp-block-columns-is-layout-flex\">\n<div class=\"wp-block-column is-vertically-aligned-center is-layout-flow wp-block-column-is-layout-flow\" style=\"flex-basis:33.33%\"><div class=\"wp-block-image\">\n<figure class=\"aligncenter size-full\"><img loading=\"lazy\" decoding=\"async\" width=\"659\" height=\"379\" src=\"http:\/\/www.simd5.l3-digital.fr\/wp-content\/uploads\/2023\/11\/logo_chenereilles-removebg-preview.png\" alt=\"\" class=\"wp-image-57\" srcset=\"https:\/\/www.simd5.l3-digital.fr\/wp-content\/uploads\/2023\/11\/logo_chenereilles-removebg-preview.png 659w, https:\/\/www.simd5.l3-digital.fr\/wp-content\/uploads\/2023\/11\/logo_chenereilles-removebg-preview-300x173.png 300w\" sizes=\"auto, (max-width: 659px) 100vw, 659px\" \/><\/figure>\n<\/div><\/div>\n\n\n\n<div class=\"wp-block-column is-layout-flow wp-block-column-is-layout-flow\" style=\"flex-basis:66.66%\">\n<p>En janvier 2023, pour mes \u00e9tudes, j&rsquo;ai r\u00e9alis\u00e9 un stage de trois semaines \u00e0 la Mairie de Chenereilles, en tant que secr\u00e9taire. Pendant ce stage, j&rsquo;ai du g\u00e9rer des actes administratifs tels que le budget pr\u00e9visionnel de l&rsquo;ann\u00e9e, le compte-rendu du Conseil Municipal, les actes de naissances et de d\u00e9c\u00e8s, les fiches de paye des employ\u00e9s de la Mairie, les permis de construire et l&rsquo;enregistrement des factures pour la comptabilit\u00e9. Ce stage m&rsquo;a beaucoup appris sur ce m\u00e9tier. La diversit\u00e9 de ce m\u00e9tier m&rsquo;a permis d&rsquo;apprendre et de toucher plusieurs domaines diff\u00e9rents. <\/p>\n<\/div>\n<\/div>\n\n\n\n<div class=\"wp-block-columns is-layout-flex wp-container-core-columns-is-layout-9d6595d7 wp-block-columns-is-layout-flex\">\n<div class=\"wp-block-column is-vertically-aligned-center is-layout-flow wp-block-column-is-layout-flow\" style=\"flex-basis:66.66%\">\n<p>De septembre 2022 \u00e0 mai 2023, pour financer mes \u00e9tudes, j&rsquo;occupais le poste de vacataire au Mus\u00e9e du XX\u00e8me si\u00e8cle d&rsquo;Estivareilles. Les week-ends, j&rsquo;accueillais les visiteurs, j&rsquo;encaissais leurs entr\u00e9es, je leur expliquais le tour du mus\u00e9e et r\u00e9pondais \u00e0 leurs besoins. L\u00e0 aussi, j&rsquo;ai d\u00e9velopp\u00e9 mon relationnel et mon autonomie. <\/p>\n<\/div>\n\n\n\n<div class=\"wp-block-column is-vertically-aligned-center is-layout-flow wp-block-column-is-layout-flow\" style=\"flex-basis:33.33%\"><div class=\"wp-block-image\">\n<figure class=\"aligncenter size-full is-resized\"><img loading=\"lazy\" decoding=\"async\" width=\"600\" height=\"362\" src=\"http:\/\/www.simd5.l3-digital.fr\/wp-content\/uploads\/2023\/11\/logo_musee-removebg-preview.png\" alt=\"\" class=\"wp-image-58\" style=\"width:263px;height:auto\" srcset=\"https:\/\/www.simd5.l3-digital.fr\/wp-content\/uploads\/2023\/11\/logo_musee-removebg-preview.png 600w, https:\/\/www.simd5.l3-digital.fr\/wp-content\/uploads\/2023\/11\/logo_musee-removebg-preview-300x181.png 300w\" sizes=\"auto, (max-width: 600px) 100vw, 600px\" \/><\/figure>\n<\/div><\/div>\n<\/div>\n\n\n\n<div data-wp-interactive=\"core\/file\" class=\"wp-block-file\"><object data-wp-bind--hidden=\"!state.hasPdfPreview\" hidden class=\"wp-block-file__embed\" data=\"https:\/\/www.simd5.l3-digital.fr\/wp-content\/uploads\/2024\/03\/CV-2.pdf\" type=\"application\/pdf\" style=\"width:100%;height:600px\" aria-label=\"Contenu embarqu\u00e9 CV-FAURE-Anouk.\"><\/object><a id=\"wp-block-file--media-21588ce4-7cc5-400a-85e5-eb9dbbf5cee3\" href=\"https:\/\/www.simd5.l3-digital.fr\/wp-content\/uploads\/2024\/03\/CV-2.pdf\">CV-FAURE-Anouk<\/a><a href=\"https:\/\/www.simd5.l3-digital.fr\/wp-content\/uploads\/2024\/03\/CV-2.pdf\" class=\"wp-block-file__button wp-element-button\" download aria-describedby=\"wp-block-file--media-21588ce4-7cc5-400a-85e5-eb9dbbf5cee3\">T\u00e9l\u00e9charger<\/a><\/div>\n\n\n\n<div class=\"wp-block-columns is-layout-flex wp-container-core-columns-is-layout-9d6595d7 wp-block-columns-is-layout-flex\">\n<div class=\"wp-block-column is-layout-flow wp-block-column-is-layout-flow\">\n<p><a href=\"https:\/\/www.simd5.l3-digital.fr\/\" data-type=\"page\" data-id=\"85\">&lt;&lt; Bienvenue <\/a><\/p>\n<\/div>\n\n\n\n<div class=\"wp-block-column is-layout-flow wp-block-column-is-layout-flow\">\n<p class=\"has-text-align-right\"><a href=\"https:\/\/www.simd5.l3-digital.fr\/index.php\/mes-etudes\/\" data-type=\"page\" data-id=\"14\">Mes \u00e9tudes &gt;&gt;<\/a><\/p>\n<\/div>\n<\/div>\n","protected":false},"excerpt":{"rendered":"<p>Depuis 2021, je suis rentr\u00e9e dans le monde du travail. D\u00e8s mes 18 ans j&rsquo;ai effectu\u00e9 de nombreux emplois \u00e9tudiants afin de financer une partie de mes \u00e9tudes et de ma vie \u00e9tudiante. Ces emplois m&rsquo;ont permis d&rsquo;acqu\u00e9rir de nombreuses comp\u00e9tences. Depuis ao\u00fbt 2023, je suis serveuse au stade Geoffroy Guichard \u00e0 Saint Etienne. J&rsquo;ai servi des supporters lors des matchs de l&rsquo;A.S.S.E ainsi que lors de la Coupe du Monde de Rugby. J&rsquo;ai \u00e9galement travaill\u00e9 comme serveuse dans un PMU \u00e0 Saint-Bonnet-le-Ch\u00e2teau : Le Blue Note caf\u00e9. Ces deux jobs m&rsquo;ont permis de d\u00e9velopper mes comp\u00e9tences relationnelles, mon autonomie et ma capacit\u00e9 \u00e0 fournir un service rapide r\u00e9pondant aux besoins des clients. Pour terminer ma licence et mettre en pratique mes connaissances de ces trois derni\u00e8res ann\u00e9es, j&rsquo;effectue un stage en management de projet au Gobelet Fran\u00e7ais, une entreprise de cr\u00e9ation de gobelets personnalis\u00e9s pour des \u00e9v\u00e8nements priv\u00e9s (bapt\u00eames, mariages, etc.) et publics (festivals, Coupe du Monde de Rugby par exemple). Lors de ce stage, je suis en charge de contacter de nouveaux prospects jusqu&rsquo;\u00e0 la cr\u00e9ation d&rsquo;un partenariat. Je serais aussi en charge de la cr\u00e9ation de contenus sur les gobelets (\u00e0 l&rsquo;aide de la Suite Adobe) mais aussi sur les r\u00e9seaux sociaux. L&rsquo;objectif de ce stage est de mettre en pratique ce que j&rsquo;ai appris en licence tout en \u00e9tant b\u00e9n\u00e9fique \u00e0 l&rsquo;entreprise. Durant l&rsquo;\u00e9t\u00e9 2023, j&rsquo;ai \u00e9t\u00e9 auxiliaire \u00e0 l&rsquo;accueil du Cr\u00e9dit Mutuel de Saint-Bonnet-le-Ch\u00e2teau. Pendant ces deux mois, j&rsquo;ai r\u00e9pondu aux besoins des clients (effectuer des virements, prendre des rendez-vous avec les conseillers etc.) et archiv\u00e9 les dossiers des clients. J&rsquo;ai acquis une certaine autonomie et une responsabilit\u00e9. En avril 2023, quatre camarades et moi avons organis\u00e9 un concert en collaboration avec l&rsquo;Association de D\u00e9fense des Animaux de Saint-Chamond. Les fonds r\u00e9colt\u00e9s ont \u00e9t\u00e9 revers\u00e9s \u00e0 l&rsquo;association pour pouvoir couvrir les frais v\u00e9t\u00e9rinaires des animaux du refuge. Nous avons organis\u00e9 ce projet du d\u00e9but (contact de l&rsquo;association et analyse des besoins) \u00e0 la fin (concert et buvette). Gr\u00e2ce \u00e0 cette initiative, j&rsquo;ai d\u00e9velopp\u00e9 des comp\u00e9tences organisationnelles et relationnelles tout en soutenant une cause qui me tient \u00e0 c\u0153ur. En janvier 2023, pour mes \u00e9tudes, j&rsquo;ai r\u00e9alis\u00e9 un stage de trois semaines \u00e0 la Mairie de Chenereilles, en tant que secr\u00e9taire. Pendant ce stage, j&rsquo;ai du g\u00e9rer des actes administratifs tels que le budget pr\u00e9visionnel de l&rsquo;ann\u00e9e, le compte-rendu du Conseil Municipal, les actes de naissances et de d\u00e9c\u00e8s, les fiches de paye des employ\u00e9s de la Mairie, les permis de construire et l&rsquo;enregistrement des factures pour la comptabilit\u00e9. Ce stage m&rsquo;a beaucoup appris sur ce m\u00e9tier. La diversit\u00e9 de ce m\u00e9tier m&rsquo;a permis d&rsquo;apprendre et de toucher plusieurs domaines diff\u00e9rents. De septembre 2022 \u00e0 mai 2023, pour financer mes \u00e9tudes, j&rsquo;occupais le poste de vacataire au Mus\u00e9e du XX\u00e8me si\u00e8cle d&rsquo;Estivareilles. Les week-ends, j&rsquo;accueillais les visiteurs, j&rsquo;encaissais leurs entr\u00e9es, je leur expliquais le tour du mus\u00e9e et r\u00e9pondais \u00e0 leurs besoins. L\u00e0 aussi, j&rsquo;ai d\u00e9velopp\u00e9 mon relationnel et mon autonomie. &lt;&lt; Bienvenue Mes \u00e9tudes &gt;&gt;<\/p>\n","protected":false},"author":3,"featured_media":0,"parent":0,"menu_order":0,"comment_status":"closed","ping_status":"closed","template":"","meta":{"footnotes":""},"class_list":["post-28","page","type-page","status-publish","hentry"],"_links":{"self":[{"href":"https:\/\/www.simd5.l3-digital.fr\/index.php\/wp-json\/wp\/v2\/pages\/28","targetHints":{"allow":["GET"]}}],"collection":[{"href":"https:\/\/www.simd5.l3-digital.fr\/index.php\/wp-json\/wp\/v2\/pages"}],"about":[{"href":"https:\/\/www.simd5.l3-digital.fr\/index.php\/wp-json\/wp\/v2\/types\/page"}],"author":[{"embeddable":true,"href":"https:\/\/www.simd5.l3-digital.fr\/index.php\/wp-json\/wp\/v2\/users\/3"}],"replies":[{"embeddable":true,"href":"https:\/\/www.simd5.l3-digital.fr\/index.php\/wp-json\/wp\/v2\/comments?post=28"}],"version-history":[{"count":21,"href":"https:\/\/www.simd5.l3-digital.fr\/index.php\/wp-json\/wp\/v2\/pages\/28\/revisions"}],"predecessor-version":[{"id":359,"href":"https:\/\/www.simd5.l3-digital.fr\/index.php\/wp-json\/wp\/v2\/pages\/28\/revisions\/359"}],"wp:attachment":[{"href":"https:\/\/www.simd5.l3-digital.fr\/index.php\/wp-json\/wp\/v2\/media?parent=28"}],"curies":[{"name":"wp","href":"https:\/\/api.w.org\/{rel}","templated":true}]}}