{"id":195,"date":"2023-11-29T08:32:14","date_gmt":"2023-11-29T07:32:14","guid":{"rendered":"http:\/\/www.simd5.l3-digital.fr\/?page_id=195"},"modified":"2024-03-10T15:39:02","modified_gmt":"2024-03-10T14:39:02","slug":"la-musique","status":"publish","type":"page","link":"https:\/\/www.simd5.l3-digital.fr\/index.php\/la-musique\/","title":{"rendered":"La musique"},"content":{"rendered":"\n<p>La musique fait partie de mon quotidien. Plus jeune, j&rsquo;ai eu l&rsquo;occasion de jouer d&rsquo;un instrument : le violon.<\/p>\n\n\n\n<p>Cependant, m\u00eame si je ne joue plus d&rsquo;instrument par manque de temps, j&rsquo;\u00e9coute de la musique tous les jours. Dans n&rsquo;importe quelle situation, il y a toujours un fond musical dans mes oreilles. <\/p>\n\n\n\n<p>De ce fait, j&rsquo;adore assister \u00e0 des concerts. C&rsquo;est un moment de partage, que ce soit avec l&rsquo;artiste ou avec mon entourage. Ces deux derni\u00e8res ann\u00e9es, j&rsquo;ai eu la chance de voir plusieurs artistes en concert.<\/p>\n\n\n\n<div class=\"wp-block-columns is-layout-flex wp-container-core-columns-is-layout-9d6595d7 wp-block-columns-is-layout-flex\">\n<div class=\"wp-block-column is-vertically-aligned-center is-layout-flow wp-block-column-is-layout-flow\"><div class=\"wp-block-image\">\n<figure class=\"aligncenter size-large is-resized\"><img loading=\"lazy\" decoding=\"async\" width=\"576\" height=\"1024\" src=\"http:\/\/www.simd5.l3-digital.fr\/wp-content\/uploads\/2023\/11\/IMG_5610-576x1024.jpg\" alt=\"\" class=\"wp-image-216\" style=\"width:192px;height:auto\" srcset=\"https:\/\/www.simd5.l3-digital.fr\/wp-content\/uploads\/2023\/11\/IMG_5610-576x1024.jpg 576w, https:\/\/www.simd5.l3-digital.fr\/wp-content\/uploads\/2023\/11\/IMG_5610-169x300.jpg 169w, https:\/\/www.simd5.l3-digital.fr\/wp-content\/uploads\/2023\/11\/IMG_5610-768x1365.jpg 768w, https:\/\/www.simd5.l3-digital.fr\/wp-content\/uploads\/2023\/11\/IMG_5610-864x1536.jpg 864w, https:\/\/www.simd5.l3-digital.fr\/wp-content\/uploads\/2023\/11\/IMG_5610-1152x2048.jpg 1152w, https:\/\/www.simd5.l3-digital.fr\/wp-content\/uploads\/2023\/11\/IMG_5610-1140x2027.jpg 1140w, https:\/\/www.simd5.l3-digital.fr\/wp-content\/uploads\/2023\/11\/IMG_5610-scaled.jpg 1440w\" sizes=\"auto, (max-width: 576px) 100vw, 576px\" \/><figcaption class=\"wp-element-caption\">Mai 2022 : SCH<\/figcaption><\/figure>\n<\/div><\/div>\n\n\n\n<div class=\"wp-block-column is-vertically-aligned-center is-layout-flow wp-block-column-is-layout-flow\"><div class=\"wp-block-image\">\n<figure class=\"aligncenter size-large is-resized\"><img loading=\"lazy\" decoding=\"async\" width=\"576\" height=\"1024\" src=\"http:\/\/www.simd5.l3-digital.fr\/wp-content\/uploads\/2023\/11\/IMG_6323-576x1024.jpg\" alt=\"\" class=\"wp-image-218\" style=\"width:194px;height:auto\" srcset=\"https:\/\/www.simd5.l3-digital.fr\/wp-content\/uploads\/2023\/11\/IMG_6323-576x1024.jpg 576w, https:\/\/www.simd5.l3-digital.fr\/wp-content\/uploads\/2023\/11\/IMG_6323-169x300.jpg 169w, https:\/\/www.simd5.l3-digital.fr\/wp-content\/uploads\/2023\/11\/IMG_6323-768x1365.jpg 768w, https:\/\/www.simd5.l3-digital.fr\/wp-content\/uploads\/2023\/11\/IMG_6323-864x1536.jpg 864w, https:\/\/www.simd5.l3-digital.fr\/wp-content\/uploads\/2023\/11\/IMG_6323-1152x2048.jpg 1152w, https:\/\/www.simd5.l3-digital.fr\/wp-content\/uploads\/2023\/11\/IMG_6323-1140x2027.jpg 1140w, https:\/\/www.simd5.l3-digital.fr\/wp-content\/uploads\/2023\/11\/IMG_6323-scaled.jpg 1440w\" sizes=\"auto, (max-width: 576px) 100vw, 576px\" \/><figcaption class=\"wp-element-caption\">Ao\u00fbt 2022 : Damso<\/figcaption><\/figure>\n<\/div><\/div>\n\n\n\n<div class=\"wp-block-column is-vertically-aligned-center is-layout-flow wp-block-column-is-layout-flow\"><div class=\"wp-block-image\">\n<figure class=\"aligncenter size-large is-resized\"><img loading=\"lazy\" decoding=\"async\" width=\"927\" height=\"1648\" src=\"http:\/\/www.simd5.l3-digital.fr\/wp-content\/uploads\/2023\/11\/IMG_6402-2-edited-rotated.jpg\" alt=\"\" class=\"wp-image-227\" style=\"width:188px;height:auto\" srcset=\"https:\/\/www.simd5.l3-digital.fr\/wp-content\/uploads\/2023\/11\/IMG_6402-2-edited-rotated.jpg 927w, https:\/\/www.simd5.l3-digital.fr\/wp-content\/uploads\/2023\/11\/IMG_6402-2-edited-169x300.jpg 169w, https:\/\/www.simd5.l3-digital.fr\/wp-content\/uploads\/2023\/11\/IMG_6402-2-edited-576x1024.jpg 576w, https:\/\/www.simd5.l3-digital.fr\/wp-content\/uploads\/2023\/11\/IMG_6402-2-edited-768x1365.jpg 768w, https:\/\/www.simd5.l3-digital.fr\/wp-content\/uploads\/2023\/11\/IMG_6402-2-edited-864x1536.jpg 864w\" sizes=\"auto, (max-width: 927px) 100vw, 927px\" \/><figcaption class=\"wp-element-caption\">Ao\u00fbt 2022 : Selah Sue<\/figcaption><\/figure>\n<\/div><\/div>\n<\/div>\n\n\n\n<div class=\"wp-block-columns is-layout-flex wp-container-core-columns-is-layout-9d6595d7 wp-block-columns-is-layout-flex\">\n<div class=\"wp-block-column is-vertically-aligned-center is-layout-flow wp-block-column-is-layout-flow\"><div class=\"wp-block-image\">\n<figure class=\"aligncenter size-large is-resized\"><img loading=\"lazy\" decoding=\"async\" width=\"576\" height=\"1024\" src=\"http:\/\/www.simd5.l3-digital.fr\/wp-content\/uploads\/2023\/11\/IMG_7187-576x1024.jpg\" alt=\"\" class=\"wp-image-214\" style=\"width:171px;height:auto\" srcset=\"https:\/\/www.simd5.l3-digital.fr\/wp-content\/uploads\/2023\/11\/IMG_7187-576x1024.jpg 576w, https:\/\/www.simd5.l3-digital.fr\/wp-content\/uploads\/2023\/11\/IMG_7187-169x300.jpg 169w, https:\/\/www.simd5.l3-digital.fr\/wp-content\/uploads\/2023\/11\/IMG_7187-768x1365.jpg 768w, https:\/\/www.simd5.l3-digital.fr\/wp-content\/uploads\/2023\/11\/IMG_7187-864x1536.jpg 864w, https:\/\/www.simd5.l3-digital.fr\/wp-content\/uploads\/2023\/11\/IMG_7187-1152x2048.jpg 1152w, https:\/\/www.simd5.l3-digital.fr\/wp-content\/uploads\/2023\/11\/IMG_7187-1140x2027.jpg 1140w, https:\/\/www.simd5.l3-digital.fr\/wp-content\/uploads\/2023\/11\/IMG_7187-scaled.jpg 1440w\" sizes=\"auto, (max-width: 576px) 100vw, 576px\" \/><figcaption class=\"wp-element-caption\">Octobre 2022 : Chilla<\/figcaption><\/figure>\n<\/div><\/div>\n\n\n\n<div class=\"wp-block-column is-vertically-aligned-center is-layout-flow wp-block-column-is-layout-flow\"><div class=\"wp-block-image\">\n<figure class=\"aligncenter size-large is-resized\"><img loading=\"lazy\" decoding=\"async\" width=\"768\" height=\"1024\" src=\"http:\/\/www.simd5.l3-digital.fr\/wp-content\/uploads\/2023\/11\/IMG_7429_Original-1-768x1024.jpg\" alt=\"\" class=\"wp-image-228\" style=\"width:236px;height:auto\" srcset=\"https:\/\/www.simd5.l3-digital.fr\/wp-content\/uploads\/2023\/11\/IMG_7429_Original-1-768x1024.jpg 768w, https:\/\/www.simd5.l3-digital.fr\/wp-content\/uploads\/2023\/11\/IMG_7429_Original-1-225x300.jpg 225w, https:\/\/www.simd5.l3-digital.fr\/wp-content\/uploads\/2023\/11\/IMG_7429_Original-1-1152x1536.jpg 1152w, https:\/\/www.simd5.l3-digital.fr\/wp-content\/uploads\/2023\/11\/IMG_7429_Original-1-1536x2048.jpg 1536w, https:\/\/www.simd5.l3-digital.fr\/wp-content\/uploads\/2023\/11\/IMG_7429_Original-1-1140x1520.jpg 1140w, https:\/\/www.simd5.l3-digital.fr\/wp-content\/uploads\/2023\/11\/IMG_7429_Original-1-scaled.jpg 1920w\" sizes=\"auto, (max-width: 768px) 100vw, 768px\" \/><figcaption class=\"wp-element-caption\">Mars 2023 : Lomepal<\/figcaption><\/figure>\n<\/div><\/div>\n<\/div>\n\n\n\n<div class=\"wp-block-columns are-vertically-aligned-center is-layout-flex wp-container-core-columns-is-layout-9d6595d7 wp-block-columns-is-layout-flex\">\n<div class=\"wp-block-column is-vertically-aligned-center is-layout-flow wp-block-column-is-layout-flow\"><div class=\"wp-block-image\">\n<figure class=\"aligncenter size-large is-resized\"><img loading=\"lazy\" decoding=\"async\" width=\"1336\" height=\"1781\" src=\"http:\/\/www.simd5.l3-digital.fr\/wp-content\/uploads\/2023\/11\/IMG_1594_Original-edited-1-rotated.jpg\" alt=\"\" class=\"wp-image-233\" style=\"width:249px;height:auto\" srcset=\"https:\/\/www.simd5.l3-digital.fr\/wp-content\/uploads\/2023\/11\/IMG_1594_Original-edited-1-rotated.jpg 1336w, https:\/\/www.simd5.l3-digital.fr\/wp-content\/uploads\/2023\/11\/IMG_1594_Original-edited-1-225x300.jpg 225w, https:\/\/www.simd5.l3-digital.fr\/wp-content\/uploads\/2023\/11\/IMG_1594_Original-edited-1-768x1024.jpg 768w, https:\/\/www.simd5.l3-digital.fr\/wp-content\/uploads\/2023\/11\/IMG_1594_Original-edited-1-1152x1536.jpg 1152w, https:\/\/www.simd5.l3-digital.fr\/wp-content\/uploads\/2023\/11\/IMG_1594_Original-edited-1-1140x1520.jpg 1140w\" sizes=\"auto, (max-width: 1336px) 100vw, 1336px\" \/><figcaption class=\"wp-element-caption\">Ao\u00fbt 2023 : Hamza<\/figcaption><\/figure>\n<\/div><\/div>\n\n\n\n<div class=\"wp-block-column is-vertically-aligned-center is-layout-flow wp-block-column-is-layout-flow\"><div class=\"wp-block-image\">\n<figure class=\"aligncenter size-large is-resized\"><img loading=\"lazy\" decoding=\"async\" width=\"768\" height=\"1024\" src=\"http:\/\/www.simd5.l3-digital.fr\/wp-content\/uploads\/2023\/11\/IMG_3602-768x1024.jpg\" alt=\"\" class=\"wp-image-236\" style=\"width:251px;height:auto\" srcset=\"https:\/\/www.simd5.l3-digital.fr\/wp-content\/uploads\/2023\/11\/IMG_3602-768x1024.jpg 768w, https:\/\/www.simd5.l3-digital.fr\/wp-content\/uploads\/2023\/11\/IMG_3602-225x300.jpg 225w, https:\/\/www.simd5.l3-digital.fr\/wp-content\/uploads\/2023\/11\/IMG_3602-1152x1536.jpg 1152w, https:\/\/www.simd5.l3-digital.fr\/wp-content\/uploads\/2023\/11\/IMG_3602-1536x2048.jpg 1536w, https:\/\/www.simd5.l3-digital.fr\/wp-content\/uploads\/2023\/11\/IMG_3602-1140x1520.jpg 1140w, https:\/\/www.simd5.l3-digital.fr\/wp-content\/uploads\/2023\/11\/IMG_3602-scaled.jpg 1920w\" sizes=\"auto, (max-width: 768px) 100vw, 768px\" \/><figcaption class=\"wp-element-caption\">Septembre 2023 : PLK<\/figcaption><\/figure>\n<\/div><\/div>\n\n\n\n<div class=\"wp-block-column is-vertically-aligned-center is-layout-flow wp-block-column-is-layout-flow\"><div class=\"wp-block-image\">\n<figure class=\"aligncenter size-large is-resized\"><img loading=\"lazy\" decoding=\"async\" width=\"576\" height=\"1024\" src=\"http:\/\/www.simd5.l3-digital.fr\/wp-content\/uploads\/2023\/11\/IMG_2478-576x1024.jpg\" alt=\"\" class=\"wp-image-237\" style=\"width:188px;height:auto\" srcset=\"https:\/\/www.simd5.l3-digital.fr\/wp-content\/uploads\/2023\/11\/IMG_2478-576x1024.jpg 576w, https:\/\/www.simd5.l3-digital.fr\/wp-content\/uploads\/2023\/11\/IMG_2478-169x300.jpg 169w, https:\/\/www.simd5.l3-digital.fr\/wp-content\/uploads\/2023\/11\/IMG_2478-768x1365.jpg 768w, https:\/\/www.simd5.l3-digital.fr\/wp-content\/uploads\/2023\/11\/IMG_2478-864x1536.jpg 864w, https:\/\/www.simd5.l3-digital.fr\/wp-content\/uploads\/2023\/11\/IMG_2478-1152x2048.jpg 1152w, https:\/\/www.simd5.l3-digital.fr\/wp-content\/uploads\/2023\/11\/IMG_2478-1140x2027.jpg 1140w, https:\/\/www.simd5.l3-digital.fr\/wp-content\/uploads\/2023\/11\/IMG_2478-scaled.jpg 1440w\" sizes=\"auto, (max-width: 576px) 100vw, 576px\" \/><figcaption class=\"wp-element-caption\">Octobre 2023 : Bekar<\/figcaption><\/figure>\n<\/div><\/div>\n<\/div>\n\n\n\n<div class=\"wp-block-columns is-layout-flex wp-container-core-columns-is-layout-9d6595d7 wp-block-columns-is-layout-flex\">\n<div class=\"wp-block-column is-layout-flow wp-block-column-is-layout-flow\">\n<p><a href=\"https:\/\/www.simd5.l3-digital.fr\/index.php\/la-lecture\/\" data-type=\"page\" data-id=\"188\">&lt;&lt; La lecture <\/a><\/p>\n<\/div>\n\n\n\n<div class=\"wp-block-column is-layout-flow wp-block-column-is-layout-flow\">\n<p class=\"has-text-align-right\"><a href=\"https:\/\/www.simd5.l3-digital.fr\/\" data-type=\"page\" data-id=\"85\">Bienvenue &gt;&gt;<\/a><\/p>\n<\/div>\n<\/div>\n","protected":false},"excerpt":{"rendered":"<p>La musique fait partie de mon quotidien. Plus jeune, j&rsquo;ai eu l&rsquo;occasion de jouer d&rsquo;un instrument : le violon. Cependant, m\u00eame si je ne joue plus d&rsquo;instrument par manque de temps, j&rsquo;\u00e9coute de la musique tous les jours. Dans n&rsquo;importe quelle situation, il y a toujours un fond musical dans mes oreilles. De ce fait, j&rsquo;adore assister \u00e0 des concerts. C&rsquo;est un moment de partage, que ce soit avec l&rsquo;artiste ou avec mon entourage. Ces deux derni\u00e8res ann\u00e9es, j&rsquo;ai eu la chance de voir plusieurs artistes en concert. &lt;&lt; La lecture Bienvenue &gt;&gt;<\/p>\n","protected":false},"author":3,"featured_media":0,"parent":0,"menu_order":0,"comment_status":"closed","ping_status":"closed","template":"","meta":{"footnotes":""},"class_list":["post-195","page","type-page","status-publish","hentry"],"_links":{"self":[{"href":"https:\/\/www.simd5.l3-digital.fr\/index.php\/wp-json\/wp\/v2\/pages\/195","targetHints":{"allow":["GET"]}}],"collection":[{"href":"https:\/\/www.simd5.l3-digital.fr\/index.php\/wp-json\/wp\/v2\/pages"}],"about":[{"href":"https:\/\/www.simd5.l3-digital.fr\/index.php\/wp-json\/wp\/v2\/types\/page"}],"author":[{"embeddable":true,"href":"https:\/\/www.simd5.l3-digital.fr\/index.php\/wp-json\/wp\/v2\/users\/3"}],"replies":[{"embeddable":true,"href":"https:\/\/www.simd5.l3-digital.fr\/index.php\/wp-json\/wp\/v2\/comments?post=195"}],"version-history":[{"count":14,"href":"https:\/\/www.simd5.l3-digital.fr\/index.php\/wp-json\/wp\/v2\/pages\/195\/revisions"}],"predecessor-version":[{"id":329,"href":"https:\/\/www.simd5.l3-digital.fr\/index.php\/wp-json\/wp\/v2\/pages\/195\/revisions\/329"}],"wp:attachment":[{"href":"https:\/\/www.simd5.l3-digital.fr\/index.php\/wp-json\/wp\/v2\/media?parent=195"}],"curies":[{"name":"wp","href":"https:\/\/api.w.org\/{rel}","templated":true}]}}