{"id":188,"date":"2023-11-29T08:22:10","date_gmt":"2023-11-29T07:22:10","guid":{"rendered":"http:\/\/www.simd5.l3-digital.fr\/?page_id=188"},"modified":"2024-03-10T15:08:05","modified_gmt":"2024-03-10T14:08:05","slug":"la-lecture","status":"publish","type":"page","link":"https:\/\/www.simd5.l3-digital.fr\/index.php\/la-lecture\/","title":{"rendered":"La lecture"},"content":{"rendered":"\n<p>Depuis petite, je passe beaucoup de temps \u00e0 lire. Ce genre de moment me permettent de me d\u00e9tendre et de m&rsquo;\u00e9vader dans un autre univers. Mes romans pr\u00e9f\u00e9r\u00e9s sont, de loin, les sciences fictions. La saga que j&rsquo;ai lue le plus de fois reste Hunger Games. <\/p>\n\n\n\n<p>La lecture permet, en plus de me divertir, d&rsquo;avoir une ouverture d&rsquo;esprit sur le monde. Cela me permet aussi d&rsquo;enrichir ma culture g\u00e9n\u00e9rale. <\/p>\n\n\n\n<div class=\"wp-block-columns is-layout-flex wp-container-core-columns-is-layout-9d6595d7 wp-block-columns-is-layout-flex\">\n<div class=\"wp-block-column is-layout-flow wp-block-column-is-layout-flow\">\n<p><a href=\"https:\/\/www.simd5.l3-digital.fr\/index.php\/le-voyage\/\" data-type=\"page\" data-id=\"150\">&lt;&lt; Le voyage<\/a><\/p>\n<\/div>\n\n\n\n<div class=\"wp-block-column is-layout-flow wp-block-column-is-layout-flow\">\n<p class=\"has-text-align-right\"><a href=\"https:\/\/www.simd5.l3-digital.fr\/index.php\/la-musique\/\" data-type=\"page\" data-id=\"195\">La musique &gt;&gt;<\/a><\/p>\n<\/div>\n<\/div>\n","protected":false},"excerpt":{"rendered":"<p>Depuis petite, je passe beaucoup de temps \u00e0 lire. Ce genre de moment me permettent de me d\u00e9tendre et de m&rsquo;\u00e9vader dans un autre univers. Mes romans pr\u00e9f\u00e9r\u00e9s sont, de loin, les sciences fictions. La saga que j&rsquo;ai lue le plus de fois reste Hunger Games. La lecture permet, en plus de me divertir, d&rsquo;avoir une ouverture d&rsquo;esprit sur le monde. Cela me permet aussi d&rsquo;enrichir ma culture g\u00e9n\u00e9rale. &lt;&lt; Le voyage La musique &gt;&gt;<\/p>\n","protected":false},"author":3,"featured_media":0,"parent":0,"menu_order":0,"comment_status":"closed","ping_status":"closed","template":"","meta":{"footnotes":""},"class_list":["post-188","page","type-page","status-publish","hentry"],"_links":{"self":[{"href":"https:\/\/www.simd5.l3-digital.fr\/index.php\/wp-json\/wp\/v2\/pages\/188","targetHints":{"allow":["GET"]}}],"collection":[{"href":"https:\/\/www.simd5.l3-digital.fr\/index.php\/wp-json\/wp\/v2\/pages"}],"about":[{"href":"https:\/\/www.simd5.l3-digital.fr\/index.php\/wp-json\/wp\/v2\/types\/page"}],"author":[{"embeddable":true,"href":"https:\/\/www.simd5.l3-digital.fr\/index.php\/wp-json\/wp\/v2\/users\/3"}],"replies":[{"embeddable":true,"href":"https:\/\/www.simd5.l3-digital.fr\/index.php\/wp-json\/wp\/v2\/comments?post=188"}],"version-history":[{"count":6,"href":"https:\/\/www.simd5.l3-digital.fr\/index.php\/wp-json\/wp\/v2\/pages\/188\/revisions"}],"predecessor-version":[{"id":321,"href":"https:\/\/www.simd5.l3-digital.fr\/index.php\/wp-json\/wp\/v2\/pages\/188\/revisions\/321"}],"wp:attachment":[{"href":"https:\/\/www.simd5.l3-digital.fr\/index.php\/wp-json\/wp\/v2\/media?parent=188"}],"curies":[{"name":"wp","href":"https:\/\/api.w.org\/{rel}","templated":true}]}}