{"id":14,"date":"2023-11-10T14:35:43","date_gmt":"2023-11-10T13:35:43","guid":{"rendered":"http:\/\/www.simd5.l3-digital.fr\/?page_id=14"},"modified":"2024-03-13T18:02:25","modified_gmt":"2024-03-13T17:02:25","slug":"mes-etudes","status":"publish","type":"page","link":"https:\/\/www.simd5.l3-digital.fr\/index.php\/mes-etudes\/","title":{"rendered":"Mes \u00e9tudes"},"content":{"rendered":"\n<p class=\"has-primary-color has-background-background-color has-text-color has-background has-link-color wp-elements-8f4eccb0160021a7ab51f742da81aa22\">Je suis \u00e9tudiante en troisi\u00e8me ann\u00e9e de licence de Strat\u00e9gie, Innovation et Marketing Digital \u00e0 l&rsquo;IAE de Saint Etienne. <\/p>\n\n\n\n<iframe src=\"https:\/\/www.google.com\/maps\/embed?pb=!1m14!1m8!1m3!1d11200.410849211587!2d4.3916705!3d45.4274308!3m2!1i1024!2i768!4f13.1!3m3!1m2!1s0x47f5aeb35d4c87e3%3A0x239cf1c8104d1185!2sIAE%20Saint-%C3%89tienne%2C%20Universit%C3%A9%20Jean%20Monnet!5e0!3m2!1sfr!2sfr!4v1699622233543!5m2!1sfr!2sfr\" width=\"400\" height=\"300\" style=\"border:0;\" allowfullscreen=\"\" loading=\"lazy\" referrerpolicy=\"no-referrer-when-downgrade\"><\/iframe>\n\n\n\n<p>Dans cette fili\u00e8re, nous suivons de nombreux cours tels que :<br>&#8211; Community management<br>&#8211; Publication Assist\u00e9e par Ordinateur<br>&#8211; Webdesign et r\u00e9f\u00e9rencement<br>&#8211; Atelier d&rsquo;\u00e9criture et briefing<br>&#8211; Communication et cr\u00e9ation \u00e9v\u00e8nementielle <br>&#8211; Comportement du consommateur<br>&#8211; Etude de march\u00e9 quantitatif<br>&#8211; Strat\u00e9gie de communication op\u00e9rationnelle<br>&#8211; Marketing et strat\u00e9gie digitale <br>&#8211; Ateliers num\u00e9riques et cr\u00e9ations audiovisuelles<\/p>\n\n\n\n<p>Ce que je pr\u00e9f\u00e8re dans ma formation c&rsquo;est le c\u00f4t\u00e9 cr\u00e9atif li\u00e9 \u00e0 la communication online et offline. Nous devons imaginer plusieurs projets enrichissants : g\u00e9rer des r\u00e9seaux sociaux d&rsquo;une entreprise fictive ; d\u00e9velopper un nouveau produit en \u00e9tudiant le march\u00e9 ; cr\u00e9er des logos, des flyers, des affiches, des magazines ; \u00e9crire un communiqu\u00e9 de presse ; cr\u00e9er un \u00e9v\u00e8nement fictif et communiquer autour de celui-ci ; mise en place de strat\u00e9gies de communication ; filmer et monter une vid\u00e9o ; cr\u00e9er un site internet pour des professionnels.<\/p>\n\n\n\n<p>Gr\u00e2ce \u00e0 mes \u00e9tudes, j&rsquo;ai pu d\u00e9velopper de nombreuses <a href=\"http:\/\/www.simd5.l3-digital.fr\/index.php\/mes-competences\/\" data-type=\"page\" data-id=\"263\">comp\u00e9tences <\/a>indispensables pour ma r\u00e9ussite.<\/p>\n\n\n\n<p>Et <a href=\"http:\/\/www.simd5.l3-digital.fr\/index.php\/mon-futur\/\" data-type=\"page\" data-id=\"109\">apr\u00e8s<\/a> ? <\/p>\n","protected":false},"excerpt":{"rendered":"<p>Je suis \u00e9tudiante en troisi\u00e8me ann\u00e9e de licence de Strat\u00e9gie, Innovation et Marketing Digital \u00e0 l&rsquo;IAE de Saint Etienne. Dans cette fili\u00e8re, nous suivons de nombreux cours tels que :&#8211; Community management&#8211; Publication Assist\u00e9e par Ordinateur&#8211; Webdesign et r\u00e9f\u00e9rencement&#8211; Atelier d&rsquo;\u00e9criture et briefing&#8211; Communication et cr\u00e9ation \u00e9v\u00e8nementielle &#8211; Comportement du consommateur&#8211; Etude de march\u00e9 quantitatif&#8211; Strat\u00e9gie de communication op\u00e9rationnelle&#8211; Marketing et strat\u00e9gie digitale &#8211; Ateliers num\u00e9riques et cr\u00e9ations audiovisuelles Ce que je pr\u00e9f\u00e8re dans ma formation c&rsquo;est le c\u00f4t\u00e9 cr\u00e9atif li\u00e9 \u00e0 la communication online et offline. Nous devons imaginer plusieurs projets enrichissants : g\u00e9rer des r\u00e9seaux sociaux d&rsquo;une entreprise fictive ; d\u00e9velopper un nouveau produit en \u00e9tudiant le march\u00e9 ; cr\u00e9er des logos, des flyers, des affiches, des magazines ; \u00e9crire un communiqu\u00e9 de presse ; cr\u00e9er un \u00e9v\u00e8nement fictif et communiquer autour de celui-ci ; mise en place de strat\u00e9gies de communication ; filmer et monter une vid\u00e9o ; cr\u00e9er un site internet pour des professionnels. Gr\u00e2ce \u00e0 mes \u00e9tudes, j&rsquo;ai pu d\u00e9velopper de nombreuses comp\u00e9tences indispensables pour ma r\u00e9ussite. Et apr\u00e8s ?<\/p>\n","protected":false},"author":3,"featured_media":0,"parent":0,"menu_order":0,"comment_status":"closed","ping_status":"closed","template":"","meta":{"footnotes":""},"class_list":["post-14","page","type-page","status-publish","hentry"],"_links":{"self":[{"href":"https:\/\/www.simd5.l3-digital.fr\/index.php\/wp-json\/wp\/v2\/pages\/14","targetHints":{"allow":["GET"]}}],"collection":[{"href":"https:\/\/www.simd5.l3-digital.fr\/index.php\/wp-json\/wp\/v2\/pages"}],"about":[{"href":"https:\/\/www.simd5.l3-digital.fr\/index.php\/wp-json\/wp\/v2\/types\/page"}],"author":[{"embeddable":true,"href":"https:\/\/www.simd5.l3-digital.fr\/index.php\/wp-json\/wp\/v2\/users\/3"}],"replies":[{"embeddable":true,"href":"https:\/\/www.simd5.l3-digital.fr\/index.php\/wp-json\/wp\/v2\/comments?post=14"}],"version-history":[{"count":11,"href":"https:\/\/www.simd5.l3-digital.fr\/index.php\/wp-json\/wp\/v2\/pages\/14\/revisions"}],"predecessor-version":[{"id":341,"href":"https:\/\/www.simd5.l3-digital.fr\/index.php\/wp-json\/wp\/v2\/pages\/14\/revisions\/341"}],"wp:attachment":[{"href":"https:\/\/www.simd5.l3-digital.fr\/index.php\/wp-json\/wp\/v2\/media?parent=14"}],"curies":[{"name":"wp","href":"https:\/\/api.w.org\/{rel}","templated":true}]}}