{"id":134,"date":"2023-11-24T14:18:57","date_gmt":"2023-11-24T13:18:57","guid":{"rendered":"http:\/\/www.simd5.l3-digital.fr\/?page_id=134"},"modified":"2024-03-17T15:30:10","modified_gmt":"2024-03-17T14:30:10","slug":"la-danse","status":"publish","type":"page","link":"https:\/\/www.simd5.l3-digital.fr\/index.php\/la-danse\/","title":{"rendered":"La danse"},"content":{"rendered":"\n<p class=\"has-normal-font-size\">Depuis toujours j&rsquo;adore \u00eatre sur sc\u00e8ne. Petite, je pratiquais la baby gym, puis j&rsquo;ai commenc\u00e9 la gymnastique artistique et, en 2013, j&rsquo;ai d\u00e9couvert la danse. Depuis cette ann\u00e9e l\u00e0, cette passion est rest\u00e9e ancr\u00e9e en moi. <\/p>\n\n\n\n<div class=\"wp-block-columns is-layout-flex wp-container-core-columns-is-layout-9d6595d7 wp-block-columns-is-layout-flex\">\n<div class=\"wp-block-column is-layout-flow wp-block-column-is-layout-flow\">\n<figure class=\"wp-block-image size-large is-resized\"><img loading=\"lazy\" decoding=\"async\" width=\"710\" height=\"1024\" src=\"http:\/\/www.simd5.l3-digital.fr\/wp-content\/uploads\/2023\/11\/20190601_205330-710x1024.jpg\" alt=\"\" class=\"wp-image-142\" style=\"width:237px;height:auto\" srcset=\"https:\/\/www.simd5.l3-digital.fr\/wp-content\/uploads\/2023\/11\/20190601_205330-710x1024.jpg 710w, https:\/\/www.simd5.l3-digital.fr\/wp-content\/uploads\/2023\/11\/20190601_205330-208x300.jpg 208w, https:\/\/www.simd5.l3-digital.fr\/wp-content\/uploads\/2023\/11\/20190601_205330-768x1108.jpg 768w, https:\/\/www.simd5.l3-digital.fr\/wp-content\/uploads\/2023\/11\/20190601_205330-1065x1536.jpg 1065w, https:\/\/www.simd5.l3-digital.fr\/wp-content\/uploads\/2023\/11\/20190601_205330.jpg 1080w\" sizes=\"auto, (max-width: 710px) 100vw, 710px\" \/><\/figure>\n<\/div>\n\n\n\n<div class=\"wp-block-column is-vertically-aligned-center is-layout-flow wp-block-column-is-layout-flow\">\n<p class=\"has-normal-font-size\">J&rsquo;ai eu la chance de diversifier les styles de danses. J&rsquo;ai commenc\u00e9 \u00e0 10 ans par du Moderne Jazz. Puis, de mes 12 ans \u00e0 mes 15 ans j&rsquo;ai fait du Hip-Hop. \u00c0 13 ans, et pendant 3 ans, je dansais la Salsa, seule et en couple. Cette m\u00eame ann\u00e9e, j&rsquo;ai commenc\u00e9 le Street Jazz, que je n&rsquo;ai jamais arr\u00eat\u00e9 depuis. Finalement, cela fait 5 ans que j&rsquo;ai commenc\u00e9 la danse orientale. Aujourd&rsquo;hui, je suis retourn\u00e9e dans le cours de Moderne Jazz et de contemporain.<\/p>\n<\/div>\n<\/div>\n\n\n\n<p>La danse m&rsquo;a appris \u00e9norm\u00e9ment de choses. C&rsquo;est ici que j&rsquo;ai pris confiance en moi. R\u00e9ussir \u00e0 danser devant des salles enti\u00e8res n&rsquo;est pas toujours \u00e9vident et j&rsquo;ai r\u00e9ussi \u00e0 vaincre ma timidit\u00e9 et mon manque de confiance. C&rsquo;est aussi une exp\u00e9rience humaine selon moi. J&rsquo;ai cr\u00e9\u00e9 des liens, je me suis faite des amies. Tout cela m&rsquo;a permis d&rsquo;avoir un esprit d&rsquo;\u00e9quipe. L&rsquo;entraide et la motivation entre nous ou avec nos professeurs sont primordiales. Pour finir, la danse m&rsquo;a permis de d\u00e9velopper ma cr\u00e9ativit\u00e9. Cr\u00e9er des chor\u00e9graphies, des univers et des costumes \u00e0 partir d&rsquo;une musique ou d&rsquo;un th\u00e8me est l&rsquo;une de mes parties pr\u00e9f\u00e9r\u00e9es.<\/p>\n\n\n\n<div class=\"wp-block-columns is-layout-flex wp-container-core-columns-is-layout-9d6595d7 wp-block-columns-is-layout-flex\">\n<div class=\"wp-block-column is-layout-flow wp-block-column-is-layout-flow\">\n<p><a href=\"https:\/\/www.simd5.l3-digital.fr\/index.php\/mes-passions\/\" data-type=\"page\" data-id=\"46\">&lt;&lt; Qui suis-je ? <\/a><\/p>\n<\/div>\n\n\n\n<div class=\"wp-block-column is-layout-flow wp-block-column-is-layout-flow\">\n<p class=\"has-text-align-right\"><a href=\"https:\/\/www.simd5.l3-digital.fr\/index.php\/le-voyage\/\" data-type=\"page\" data-id=\"150\">Le voyage &gt;&gt;<\/a><\/p>\n<\/div>\n<\/div>\n","protected":false},"excerpt":{"rendered":"<p>Depuis toujours j&rsquo;adore \u00eatre sur sc\u00e8ne. Petite, je pratiquais la baby gym, puis j&rsquo;ai commenc\u00e9 la gymnastique artistique et, en 2013, j&rsquo;ai d\u00e9couvert la danse. Depuis cette ann\u00e9e l\u00e0, cette passion est rest\u00e9e ancr\u00e9e en moi. J&rsquo;ai eu la chance de diversifier les styles de danses. J&rsquo;ai commenc\u00e9 \u00e0 10 ans par du Moderne Jazz. Puis, de mes 12 ans \u00e0 mes 15 ans j&rsquo;ai fait du Hip-Hop. \u00c0 13 ans, et pendant 3 ans, je dansais la Salsa, seule et en couple. Cette m\u00eame ann\u00e9e, j&rsquo;ai commenc\u00e9 le Street Jazz, que je n&rsquo;ai jamais arr\u00eat\u00e9 depuis. Finalement, cela fait 5 ans que j&rsquo;ai commenc\u00e9 la danse orientale. Aujourd&rsquo;hui, je suis retourn\u00e9e dans le cours de Moderne Jazz et de contemporain. La danse m&rsquo;a appris \u00e9norm\u00e9ment de choses. C&rsquo;est ici que j&rsquo;ai pris confiance en moi. R\u00e9ussir \u00e0 danser devant des salles enti\u00e8res n&rsquo;est pas toujours \u00e9vident et j&rsquo;ai r\u00e9ussi \u00e0 vaincre ma timidit\u00e9 et mon manque de confiance. C&rsquo;est aussi une exp\u00e9rience humaine selon moi. J&rsquo;ai cr\u00e9\u00e9 des liens, je me suis faite des amies. Tout cela m&rsquo;a permis d&rsquo;avoir un esprit d&rsquo;\u00e9quipe. L&rsquo;entraide et la motivation entre nous ou avec nos professeurs sont primordiales. Pour finir, la danse m&rsquo;a permis de d\u00e9velopper ma cr\u00e9ativit\u00e9. Cr\u00e9er des chor\u00e9graphies, des univers et des costumes \u00e0 partir d&rsquo;une musique ou d&rsquo;un th\u00e8me est l&rsquo;une de mes parties pr\u00e9f\u00e9r\u00e9es. &lt;&lt; Qui suis-je ? Le voyage &gt;&gt;<\/p>\n","protected":false},"author":3,"featured_media":0,"parent":0,"menu_order":0,"comment_status":"closed","ping_status":"closed","template":"","meta":{"footnotes":""},"class_list":["post-134","page","type-page","status-publish","hentry"],"_links":{"self":[{"href":"https:\/\/www.simd5.l3-digital.fr\/index.php\/wp-json\/wp\/v2\/pages\/134","targetHints":{"allow":["GET"]}}],"collection":[{"href":"https:\/\/www.simd5.l3-digital.fr\/index.php\/wp-json\/wp\/v2\/pages"}],"about":[{"href":"https:\/\/www.simd5.l3-digital.fr\/index.php\/wp-json\/wp\/v2\/types\/page"}],"author":[{"embeddable":true,"href":"https:\/\/www.simd5.l3-digital.fr\/index.php\/wp-json\/wp\/v2\/users\/3"}],"replies":[{"embeddable":true,"href":"https:\/\/www.simd5.l3-digital.fr\/index.php\/wp-json\/wp\/v2\/comments?post=134"}],"version-history":[{"count":17,"href":"https:\/\/www.simd5.l3-digital.fr\/index.php\/wp-json\/wp\/v2\/pages\/134\/revisions"}],"predecessor-version":[{"id":348,"href":"https:\/\/www.simd5.l3-digital.fr\/index.php\/wp-json\/wp\/v2\/pages\/134\/revisions\/348"}],"wp:attachment":[{"href":"https:\/\/www.simd5.l3-digital.fr\/index.php\/wp-json\/wp\/v2\/media?parent=134"}],"curies":[{"name":"wp","href":"https:\/\/api.w.org\/{rel}","templated":true}]}}