{"id":109,"date":"2023-11-24T13:35:11","date_gmt":"2023-11-24T12:35:11","guid":{"rendered":"http:\/\/www.simd5.l3-digital.fr\/?page_id=109"},"modified":"2024-06-02T14:42:57","modified_gmt":"2024-06-02T12:42:57","slug":"mon-futur","status":"publish","type":"page","link":"https:\/\/www.simd5.l3-digital.fr\/index.php\/mon-futur\/","title":{"rendered":"Mon futur"},"content":{"rendered":"\n<p>Gr\u00e2ce aux comp\u00e9tences que j&rsquo;ai d\u00e9velopp\u00e9es durant mes \u00e9tudes, mes exp\u00e9riences professionnelles et mes passions j&rsquo;aimerais poursuivre mes \u00e9tudes dans le domaine de la communication et en faire plus tard mon m\u00e9tier. Les activit\u00e9s de communication sont celles que je pr\u00e9f\u00e8re gr\u00e2ce aux aspects cr\u00e9atifs et relationnels qui me correspondent le mieux. <\/p>\n\n\n\n<p>\u00c9tant passionn\u00e9e de danse et de musique depuis petite, le secteur de la culture et de l&rsquo;industrie musicale a toujours \u00e9t\u00e9 un secteur attrayant pour moi. Travailler dans la communication culturelle est donc une \u00e9vidence et un objectif futur.<br>Cependant, je ne suis pas ferm\u00e9e \u00e0 d&rsquo;autres domaines et d&rsquo;autres secteurs d&rsquo;activit\u00e9s. En effet, les domaines du sport ou de l&rsquo;\u00e9v\u00e8nementiel en g\u00e9n\u00e9ral restent tr\u00e8s int\u00e9ressants et pertinents !<\/p>\n\n\n\n<p>C&rsquo;est donc pour cela que je souhaiterais poursuivre mes \u00e9tudes et obtenir un master en marketing digital et communication. Mon souhait serait d&rsquo;int\u00e9grer un master en alternance afin de d\u00e9buter dans la vie professionnelle, tout en apprenant de nouvelles notions.<\/p>\n\n\n\n<div class=\"wp-block-columns is-layout-flex wp-container-core-columns-is-layout-9d6595d7 wp-block-columns-is-layout-flex\">\n<div class=\"wp-block-column is-layout-flow wp-block-column-is-layout-flow\">\n<p><a href=\"https:\/\/www.simd5.l3-digital.fr\/index.php\/mes-etudes\/\" data-type=\"page\" data-id=\"14\">&lt;&lt; Mes \u00e9tudes<\/a><\/p>\n<\/div>\n\n\n\n<div class=\"wp-block-column is-layout-flow wp-block-column-is-layout-flow\">\n<p class=\"has-text-align-right\"><a href=\"https:\/\/www.simd5.l3-digital.fr\/index.php\/contact\/\" data-type=\"page\" data-id=\"69\">Contactez moi &gt;&gt;<\/a><\/p>\n<\/div>\n<\/div>\n","protected":false},"excerpt":{"rendered":"<p>Gr\u00e2ce aux comp\u00e9tences que j&rsquo;ai d\u00e9velopp\u00e9es durant mes \u00e9tudes, mes exp\u00e9riences professionnelles et mes passions j&rsquo;aimerais poursuivre mes \u00e9tudes dans le domaine de la communication et en faire plus tard mon m\u00e9tier. Les activit\u00e9s de communication sont celles que je pr\u00e9f\u00e8re gr\u00e2ce aux aspects cr\u00e9atifs et relationnels qui me correspondent le mieux. \u00c9tant passionn\u00e9e de danse et de musique depuis petite, le secteur de la culture et de l&rsquo;industrie musicale a toujours \u00e9t\u00e9 un secteur attrayant pour moi. Travailler dans la communication culturelle est donc une \u00e9vidence et un objectif futur.Cependant, je ne suis pas ferm\u00e9e \u00e0 d&rsquo;autres domaines et d&rsquo;autres secteurs d&rsquo;activit\u00e9s. En effet, les domaines du sport ou de l&rsquo;\u00e9v\u00e8nementiel en g\u00e9n\u00e9ral restent tr\u00e8s int\u00e9ressants et pertinents ! C&rsquo;est donc pour cela que je souhaiterais poursuivre mes \u00e9tudes et obtenir un master en marketing digital et communication. Mon souhait serait d&rsquo;int\u00e9grer un master en alternance afin de d\u00e9buter dans la vie professionnelle, tout en apprenant de nouvelles notions. &lt;&lt; Mes \u00e9tudes Contactez moi &gt;&gt;<\/p>\n","protected":false},"author":3,"featured_media":0,"parent":0,"menu_order":0,"comment_status":"closed","ping_status":"closed","template":"","meta":{"footnotes":""},"class_list":["post-109","page","type-page","status-publish","hentry"],"_links":{"self":[{"href":"https:\/\/www.simd5.l3-digital.fr\/index.php\/wp-json\/wp\/v2\/pages\/109","targetHints":{"allow":["GET"]}}],"collection":[{"href":"https:\/\/www.simd5.l3-digital.fr\/index.php\/wp-json\/wp\/v2\/pages"}],"about":[{"href":"https:\/\/www.simd5.l3-digital.fr\/index.php\/wp-json\/wp\/v2\/types\/page"}],"author":[{"embeddable":true,"href":"https:\/\/www.simd5.l3-digital.fr\/index.php\/wp-json\/wp\/v2\/users\/3"}],"replies":[{"embeddable":true,"href":"https:\/\/www.simd5.l3-digital.fr\/index.php\/wp-json\/wp\/v2\/comments?post=109"}],"version-history":[{"count":10,"href":"https:\/\/www.simd5.l3-digital.fr\/index.php\/wp-json\/wp\/v2\/pages\/109\/revisions"}],"predecessor-version":[{"id":364,"href":"https:\/\/www.simd5.l3-digital.fr\/index.php\/wp-json\/wp\/v2\/pages\/109\/revisions\/364"}],"wp:attachment":[{"href":"https:\/\/www.simd5.l3-digital.fr\/index.php\/wp-json\/wp\/v2\/media?parent=109"}],"curies":[{"name":"wp","href":"https:\/\/api.w.org\/{rel}","templated":true}]}}